{"id":383,"date":"2022-12-03T18:19:56","date_gmt":"2022-12-03T15:19:56","guid":{"rendered":"https:\/\/bozkurtyonetim.com\/home\/"},"modified":"2022-12-03T18:19:56","modified_gmt":"2022-12-03T15:19:56","slug":"home","status":"publish","type":"page","link":"https:\/\/bozkurtyonetim.com\/","title":{"rendered":"Home"},"content":{"rendered":"","protected":false},"excerpt":{"rendered":"","protected":false},"author":1,"featured_media":0,"parent":0,"menu_order":0,"comment_status":"closed","ping_status":"closed","template":"template-business.php","meta":{"footnotes":""},"class_list":["post-383","page","type-page","status-publish","hentry"],"yoast_head":"<!-- This site is optimized with the Yoast SEO plugin v26.0 - https:\/\/yoast.com\/wordpress\/plugins\/seo\/ -->\n<title>Home - Bozkurt Teknik Dan\u0131\u015fmanl\u0131k<\/title>\n<meta name=\"robots\" content=\"index, follow, max-snippet:-1, max-image-preview:large, max-video-preview:-1\" \/>\n<link rel=\"canonical\" href=\"https:\/\/bozkurtyonetim.com\/\" \/>\n<meta property=\"og:locale\" content=\"tr_TR\" \/>\n<meta property=\"og:type\" content=\"article\" \/>\n<meta property=\"og:title\" content=\"Home - Bozkurt Teknik Dan\u0131\u015fmanl\u0131k\" \/>\n<meta property=\"og:url\" content=\"https:\/\/bozkurtyonetim.com\/\" \/>\n<meta property=\"og:site_name\" content=\"Bozkurt Teknik Dan\u0131\u015fmanl\u0131k\" \/>\n<meta name=\"twitter:card\" content=\"summary_large_image\" \/>\n<script type=\"application\/ld+json\" class=\"yoast-schema-graph\">{\"@context\":\"https:\/\/schema.org\",\"@graph\":[{\"@type\":\"WebPage\",\"@id\":\"https:\/\/bozkurtyonetim.com\/\",\"url\":\"https:\/\/bozkurtyonetim.com\/\",\"name\":\"Home - Bozkurt Teknik Dan\u0131\u015fmanl\u0131k\",\"isPartOf\":{\"@id\":\"https:\/\/bozkurtyonetim.com\/#website\"},\"datePublished\":\"2022-12-03T15:19:56+00:00\",\"inLanguage\":\"tr\",\"potentialAction\":[{\"@type\":\"ReadAction\",\"target\":[\"https:\/\/bozkurtyonetim.com\/\"]}]},{\"@type\":\"WebSite\",\"@id\":\"https:\/\/bozkurtyonetim.com\/#website\",\"url\":\"https:\/\/bozkurtyonetim.com\/\",\"name\":\"Bozkurt Teknik Dan\u0131\u015fmanl\u0131k\",\"description\":\"\",\"publisher\":{\"@id\":\"https:\/\/bozkurtyonetim.com\/#organization\"},\"potentialAction\":[{\"@type\":\"SearchAction\",\"target\":{\"@type\":\"EntryPoint\",\"urlTemplate\":\"https:\/\/bozkurtyonetim.com\/?s={search_term_string}\"},\"query-input\":{\"@type\":\"PropertyValueSpecification\",\"valueRequired\":true,\"valueName\":\"search_term_string\"}}],\"inLanguage\":\"tr\"},{\"@type\":\"Organization\",\"@id\":\"https:\/\/bozkurtyonetim.com\/#organization\",\"name\":\"Bozkurt Teknik Dan\u0131\u015fmanl\u0131k\",\"url\":\"https:\/\/bozkurtyonetim.com\/\",\"logo\":{\"@type\":\"ImageObject\",\"inLanguage\":\"tr\",\"@id\":\"https:\/\/bozkurtyonetim.com\/#\/schema\/logo\/image\/\",\"url\":\"https:\/\/bozkurtyonetim.com\/wp-content\/uploads\/2023\/02\/SiteLogo-e1676362797373.jpeg\",\"contentUrl\":\"https:\/\/bozkurtyonetim.com\/wp-content\/uploads\/2023\/02\/SiteLogo-e1676362797373.jpeg\",\"width\":400,\"height\":330,\"caption\":\"Bozkurt Teknik Dan\u0131\u015fmanl\u0131k\"},\"image\":{\"@id\":\"https:\/\/bozkurtyonetim.com\/#\/schema\/logo\/image\/\"}}]}<\/script>\n<!-- \/ Yoast SEO plugin. -->","yoast_head_json":{"title":"Home - Bozkurt Teknik Dan\u0131\u015fmanl\u0131k","robots":{"index":"index","follow":"follow","max-snippet":"max-snippet:-1","max-image-preview":"max-image-preview:large","max-video-preview":"max-video-preview:-1"},"canonical":"https:\/\/bozkurtyonetim.com\/","og_locale":"tr_TR","og_type":"article","og_title":"Home - Bozkurt Teknik Dan\u0131\u015fmanl\u0131k","og_url":"https:\/\/bozkurtyonetim.com\/","og_site_name":"Bozkurt Teknik Dan\u0131\u015fmanl\u0131k","twitter_card":"summary_large_image","schema":{"@context":"https:\/\/schema.org","@graph":[{"@type":"WebPage","@id":"https:\/\/bozkurtyonetim.com\/","url":"https:\/\/bozkurtyonetim.com\/","name":"Home - Bozkurt Teknik Dan\u0131\u015fmanl\u0131k","isPartOf":{"@id":"https:\/\/bozkurtyonetim.com\/#website"},"datePublished":"2022-12-03T15:19:56+00:00","inLanguage":"tr","potentialAction":[{"@type":"ReadAction","target":["https:\/\/bozkurtyonetim.com\/"]}]},{"@type":"WebSite","@id":"https:\/\/bozkurtyonetim.com\/#website","url":"https:\/\/bozkurtyonetim.com\/","name":"Bozkurt Teknik Dan\u0131\u015fmanl\u0131k","description":"","publisher":{"@id":"https:\/\/bozkurtyonetim.com\/#organization"},"potentialAction":[{"@type":"SearchAction","target":{"@type":"EntryPoint","urlTemplate":"https:\/\/bozkurtyonetim.com\/?s={search_term_string}"},"query-input":{"@type":"PropertyValueSpecification","valueRequired":true,"valueName":"search_term_string"}}],"inLanguage":"tr"},{"@type":"Organization","@id":"https:\/\/bozkurtyonetim.com\/#organization","name":"Bozkurt Teknik Dan\u0131\u015fmanl\u0131k","url":"https:\/\/bozkurtyonetim.com\/","logo":{"@type":"ImageObject","inLanguage":"tr","@id":"https:\/\/bozkurtyonetim.com\/#\/schema\/logo\/image\/","url":"https:\/\/bozkurtyonetim.com\/wp-content\/uploads\/2023\/02\/SiteLogo-e1676362797373.jpeg","contentUrl":"https:\/\/bozkurtyonetim.com\/wp-content\/uploads\/2023\/02\/SiteLogo-e1676362797373.jpeg","width":400,"height":330,"caption":"Bozkurt Teknik Dan\u0131\u015fmanl\u0131k"},"image":{"@id":"https:\/\/bozkurtyonetim.com\/#\/schema\/logo\/image\/"}}]}},"_links":{"self":[{"href":"https:\/\/bozkurtyonetim.com\/index.php?rest_route=\/wp\/v2\/pages\/383","targetHints":{"allow":["GET"]}}],"collection":[{"href":"https:\/\/bozkurtyonetim.com\/index.php?rest_route=\/wp\/v2\/pages"}],"about":[{"href":"https:\/\/bozkurtyonetim.com\/index.php?rest_route=\/wp\/v2\/types\/page"}],"author":[{"embeddable":true,"href":"https:\/\/bozkurtyonetim.com\/index.php?rest_route=\/wp\/v2\/users\/1"}],"replies":[{"embeddable":true,"href":"https:\/\/bozkurtyonetim.com\/index.php?rest_route=%2Fwp%2Fv2%2Fcomments&post=383"}],"version-history":[{"count":0,"href":"https:\/\/bozkurtyonetim.com\/index.php?rest_route=\/wp\/v2\/pages\/383\/revisions"}],"wp:attachment":[{"href":"https:\/\/bozkurtyonetim.com\/index.php?rest_route=%2Fwp%2Fv2%2Fmedia&parent=383"}],"curies":[{"name":"wp","href":"https:\/\/api.w.org\/{rel}","templated":true}]}}