{"id":441,"date":"2022-12-08T16:23:55","date_gmt":"2022-12-08T13:23:55","guid":{"rendered":"https:\/\/bozkurtyonetim.com\/?page_id=441"},"modified":"2024-12-24T11:56:27","modified_gmt":"2024-12-24T08:56:27","slug":"hakkimizda","status":"publish","type":"page","link":"https:\/\/bozkurtyonetim.com\/?page_id=441","title":{"rendered":"HAKKIMIZDA"},"content":{"rendered":"\n<p class=\"has-text-align-center\"><strong>Bozkurt Teknik Dan\u0131\u015fmanl\u0131k ve Teknik Hizmetler , kaynaklar\u0131n do\u011fru ve zaman\u0131nda kullan\u0131m\u0131, servis y\u00f6nlendirmeleri, zaman\u0131nda bak\u0131m ve par\u00e7a de\u011fi\u015fimi, sa\u011flanan enerji tasarruf uygulamalar\u0131 sayesinde \u0130\u015fletmenizin g\u00fcvenli bir \u015fekilde uzun y\u0131llarca \u00e7al\u0131\u015fmas\u0131n\u0131 sa\u011flar.<\/strong><\/p>\n\n\n\n<p class=\"has-text-align-center\"><strong>Firmam\u0131z, m\u00fc\u015fterilerimizle tek bir tak\u0131m olarak beraber \u00e7al\u0131\u015f\u0131r. Yenilik\u00e7i alternatifler ve \u00e7\u00f6z\u00fcmler sunar. T\u00fcm etkinliklerimizde en \u00fcst\u00fcn profesyonel hizmet standartlar\u0131n\u0131 uygular.<\/strong><\/p>\n\n\n\n<p class=\"has-text-align-center\"><strong>Bilindi\u011fi \u00fczere, s\u0131f\u0131rdan bir projenin y\u00f6netimini \u00fcstlenmenin art\u0131 ve eksileri var. \u0130zlenecek yol belirlenmeli, sistem kurgulanmal\u0131 ve sistemin i\u015fleyi\u015fi i\u00e7inde teknik ekip ile birlikte koordineli hareket etmelisiniz. Sa\u011flam temellere dayand\u0131r\u0131lm\u0131\u015f bir sistem olu\u015fturdu\u011funuz an i\u015fin yar\u0131s\u0131n\u0131 halletmi\u015f olursunuz. Geriye sadece sistemin i\u015fletilmesi kal\u0131r.<\/strong><\/p>\n\n\n\n<p><\/p>\n\n\n\n<p class=\"has-text-align-center has-vivid-red-color has-white-background-color has-text-color has-background has-medium-font-size\"><strong>\u0130LET\u0130\u015e\u0130M KURARAK Y\u00dcKSEK MOT\u0130VASYON SA\u011eLIYORUZ.<\/strong><\/p>\n","protected":false},"excerpt":{"rendered":"<p>Bozkurt Teknik Dan\u0131\u015fmanl\u0131k ve Teknik Hizmetler , kaynaklar\u0131n do\u011fru ve zaman\u0131nda kullan\u0131m\u0131, servis y\u00f6nlendirmeleri, zaman\u0131nda bak\u0131m ve par\u00e7a de\u011fi\u015fimi, sa\u011flanan enerji tasarruf uygulamalar\u0131 sayesinde \u0130\u015fletmenizin g\u00fcvenli bir \u015fekilde uzun y\u0131llarca \u00e7al\u0131\u015fmas\u0131n\u0131 sa\u011flar. Firmam\u0131z, m\u00fc\u015fterilerimizle tek bir tak\u0131m olarak beraber \u00e7al\u0131\u015f\u0131r. Yenilik\u00e7i alternatifler ve \u00e7\u00f6z\u00fcmler sunar. T\u00fcm etkinliklerimizde en \u00fcst\u00fcn profesyonel hizmet standartlar\u0131n\u0131 uygular. Bilindi\u011fi \u00fczere, [&hellip;]<\/p>\n","protected":false},"author":1,"featured_media":0,"parent":0,"menu_order":0,"comment_status":"closed","ping_status":"closed","template":"template-fullwidth.php","meta":{"footnotes":""},"class_list":["post-441","page","type-page","status-publish","hentry"],"yoast_head":"<!-- This site is optimized with the Yoast SEO plugin v26.0 - https:\/\/yoast.com\/wordpress\/plugins\/seo\/ -->\n<title>HAKKIMIZDA - Bozkurt Teknik Dan\u0131\u015fmanl\u0131k<\/title>\n<meta name=\"robots\" content=\"index, follow, max-snippet:-1, max-image-preview:large, max-video-preview:-1\" \/>\n<link rel=\"canonical\" href=\"https:\/\/bozkurtyonetim.com\/?page_id=441\" \/>\n<meta property=\"og:locale\" content=\"tr_TR\" \/>\n<meta property=\"og:type\" content=\"article\" \/>\n<meta property=\"og:title\" content=\"HAKKIMIZDA - Bozkurt Teknik Dan\u0131\u015fmanl\u0131k\" \/>\n<meta property=\"og:description\" content=\"Bozkurt Teknik Dan\u0131\u015fmanl\u0131k ve Teknik Hizmetler , kaynaklar\u0131n do\u011fru ve zaman\u0131nda kullan\u0131m\u0131, servis y\u00f6nlendirmeleri, zaman\u0131nda bak\u0131m ve par\u00e7a de\u011fi\u015fimi, sa\u011flanan enerji tasarruf uygulamalar\u0131 sayesinde \u0130\u015fletmenizin g\u00fcvenli bir \u015fekilde uzun y\u0131llarca \u00e7al\u0131\u015fmas\u0131n\u0131 sa\u011flar. Firmam\u0131z, m\u00fc\u015fterilerimizle tek bir tak\u0131m olarak beraber \u00e7al\u0131\u015f\u0131r. Yenilik\u00e7i alternatifler ve \u00e7\u00f6z\u00fcmler sunar. T\u00fcm etkinliklerimizde en \u00fcst\u00fcn profesyonel hizmet standartlar\u0131n\u0131 uygular. Bilindi\u011fi \u00fczere, [&hellip;]\" \/>\n<meta property=\"og:url\" content=\"https:\/\/bozkurtyonetim.com\/?page_id=441\" \/>\n<meta property=\"og:site_name\" content=\"Bozkurt Teknik Dan\u0131\u015fmanl\u0131k\" \/>\n<meta property=\"article:modified_time\" content=\"2024-12-24T08:56:27+00:00\" \/>\n<meta name=\"twitter:card\" content=\"summary_large_image\" \/>\n<meta name=\"twitter:label1\" content=\"Tahmini okuma s\u00fcresi\" \/>\n\t<meta name=\"twitter:data1\" content=\"1 dakika\" \/>\n<script type=\"application\/ld+json\" class=\"yoast-schema-graph\">{\"@context\":\"https:\/\/schema.org\",\"@graph\":[{\"@type\":\"WebPage\",\"@id\":\"https:\/\/bozkurtyonetim.com\/?page_id=441\",\"url\":\"https:\/\/bozkurtyonetim.com\/?page_id=441\",\"name\":\"HAKKIMIZDA - Bozkurt Teknik Dan\u0131\u015fmanl\u0131k\",\"isPartOf\":{\"@id\":\"https:\/\/bozkurtyonetim.com\/#website\"},\"datePublished\":\"2022-12-08T13:23:55+00:00\",\"dateModified\":\"2024-12-24T08:56:27+00:00\",\"inLanguage\":\"tr\",\"potentialAction\":[{\"@type\":\"ReadAction\",\"target\":[\"https:\/\/bozkurtyonetim.com\/?page_id=441\"]}]},{\"@type\":\"WebSite\",\"@id\":\"https:\/\/bozkurtyonetim.com\/#website\",\"url\":\"https:\/\/bozkurtyonetim.com\/\",\"name\":\"Bozkurt Teknik Dan\u0131\u015fmanl\u0131k\",\"description\":\"\",\"publisher\":{\"@id\":\"https:\/\/bozkurtyonetim.com\/#organization\"},\"potentialAction\":[{\"@type\":\"SearchAction\",\"target\":{\"@type\":\"EntryPoint\",\"urlTemplate\":\"https:\/\/bozkurtyonetim.com\/?s={search_term_string}\"},\"query-input\":{\"@type\":\"PropertyValueSpecification\",\"valueRequired\":true,\"valueName\":\"search_term_string\"}}],\"inLanguage\":\"tr\"},{\"@type\":\"Organization\",\"@id\":\"https:\/\/bozkurtyonetim.com\/#organization\",\"name\":\"Bozkurt Teknik Dan\u0131\u015fmanl\u0131k\",\"url\":\"https:\/\/bozkurtyonetim.com\/\",\"logo\":{\"@type\":\"ImageObject\",\"inLanguage\":\"tr\",\"@id\":\"https:\/\/bozkurtyonetim.com\/#\/schema\/logo\/image\/\",\"url\":\"https:\/\/bozkurtyonetim.com\/wp-content\/uploads\/2023\/02\/SiteLogo-e1676362797373.jpeg\",\"contentUrl\":\"https:\/\/bozkurtyonetim.com\/wp-content\/uploads\/2023\/02\/SiteLogo-e1676362797373.jpeg\",\"width\":400,\"height\":330,\"caption\":\"Bozkurt Teknik Dan\u0131\u015fmanl\u0131k\"},\"image\":{\"@id\":\"https:\/\/bozkurtyonetim.com\/#\/schema\/logo\/image\/\"}}]}<\/script>\n<!-- \/ Yoast SEO plugin. -->","yoast_head_json":{"title":"HAKKIMIZDA - Bozkurt Teknik Dan\u0131\u015fmanl\u0131k","robots":{"index":"index","follow":"follow","max-snippet":"max-snippet:-1","max-image-preview":"max-image-preview:large","max-video-preview":"max-video-preview:-1"},"canonical":"https:\/\/bozkurtyonetim.com\/?page_id=441","og_locale":"tr_TR","og_type":"article","og_title":"HAKKIMIZDA - Bozkurt Teknik Dan\u0131\u015fmanl\u0131k","og_description":"Bozkurt Teknik Dan\u0131\u015fmanl\u0131k ve Teknik Hizmetler , kaynaklar\u0131n do\u011fru ve zaman\u0131nda kullan\u0131m\u0131, servis y\u00f6nlendirmeleri, zaman\u0131nda bak\u0131m ve par\u00e7a de\u011fi\u015fimi, sa\u011flanan enerji tasarruf uygulamalar\u0131 sayesinde \u0130\u015fletmenizin g\u00fcvenli bir \u015fekilde uzun y\u0131llarca \u00e7al\u0131\u015fmas\u0131n\u0131 sa\u011flar. Firmam\u0131z, m\u00fc\u015fterilerimizle tek bir tak\u0131m olarak beraber \u00e7al\u0131\u015f\u0131r. Yenilik\u00e7i alternatifler ve \u00e7\u00f6z\u00fcmler sunar. T\u00fcm etkinliklerimizde en \u00fcst\u00fcn profesyonel hizmet standartlar\u0131n\u0131 uygular. Bilindi\u011fi \u00fczere, [&hellip;]","og_url":"https:\/\/bozkurtyonetim.com\/?page_id=441","og_site_name":"Bozkurt Teknik Dan\u0131\u015fmanl\u0131k","article_modified_time":"2024-12-24T08:56:27+00:00","twitter_card":"summary_large_image","twitter_misc":{"Tahmini okuma s\u00fcresi":"1 dakika"},"schema":{"@context":"https:\/\/schema.org","@graph":[{"@type":"WebPage","@id":"https:\/\/bozkurtyonetim.com\/?page_id=441","url":"https:\/\/bozkurtyonetim.com\/?page_id=441","name":"HAKKIMIZDA - Bozkurt Teknik Dan\u0131\u015fmanl\u0131k","isPartOf":{"@id":"https:\/\/bozkurtyonetim.com\/#website"},"datePublished":"2022-12-08T13:23:55+00:00","dateModified":"2024-12-24T08:56:27+00:00","inLanguage":"tr","potentialAction":[{"@type":"ReadAction","target":["https:\/\/bozkurtyonetim.com\/?page_id=441"]}]},{"@type":"WebSite","@id":"https:\/\/bozkurtyonetim.com\/#website","url":"https:\/\/bozkurtyonetim.com\/","name":"Bozkurt Teknik Dan\u0131\u015fmanl\u0131k","description":"","publisher":{"@id":"https:\/\/bozkurtyonetim.com\/#organization"},"potentialAction":[{"@type":"SearchAction","target":{"@type":"EntryPoint","urlTemplate":"https:\/\/bozkurtyonetim.com\/?s={search_term_string}"},"query-input":{"@type":"PropertyValueSpecification","valueRequired":true,"valueName":"search_term_string"}}],"inLanguage":"tr"},{"@type":"Organization","@id":"https:\/\/bozkurtyonetim.com\/#organization","name":"Bozkurt Teknik Dan\u0131\u015fmanl\u0131k","url":"https:\/\/bozkurtyonetim.com\/","logo":{"@type":"ImageObject","inLanguage":"tr","@id":"https:\/\/bozkurtyonetim.com\/#\/schema\/logo\/image\/","url":"https:\/\/bozkurtyonetim.com\/wp-content\/uploads\/2023\/02\/SiteLogo-e1676362797373.jpeg","contentUrl":"https:\/\/bozkurtyonetim.com\/wp-content\/uploads\/2023\/02\/SiteLogo-e1676362797373.jpeg","width":400,"height":330,"caption":"Bozkurt Teknik Dan\u0131\u015fmanl\u0131k"},"image":{"@id":"https:\/\/bozkurtyonetim.com\/#\/schema\/logo\/image\/"}}]}},"_links":{"self":[{"href":"https:\/\/bozkurtyonetim.com\/index.php?rest_route=\/wp\/v2\/pages\/441","targetHints":{"allow":["GET"]}}],"collection":[{"href":"https:\/\/bozkurtyonetim.com\/index.php?rest_route=\/wp\/v2\/pages"}],"about":[{"href":"https:\/\/bozkurtyonetim.com\/index.php?rest_route=\/wp\/v2\/types\/page"}],"author":[{"embeddable":true,"href":"https:\/\/bozkurtyonetim.com\/index.php?rest_route=\/wp\/v2\/users\/1"}],"replies":[{"embeddable":true,"href":"https:\/\/bozkurtyonetim.com\/index.php?rest_route=%2Fwp%2Fv2%2Fcomments&post=441"}],"version-history":[{"count":1,"href":"https:\/\/bozkurtyonetim.com\/index.php?rest_route=\/wp\/v2\/pages\/441\/revisions"}],"predecessor-version":[{"id":732,"href":"https:\/\/bozkurtyonetim.com\/index.php?rest_route=\/wp\/v2\/pages\/441\/revisions\/732"}],"wp:attachment":[{"href":"https:\/\/bozkurtyonetim.com\/index.php?rest_route=%2Fwp%2Fv2%2Fmedia&parent=441"}],"curies":[{"name":"wp","href":"https:\/\/api.w.org\/{rel}","templated":true}]}}