{"id":568,"date":"2023-02-16T16:16:52","date_gmt":"2023-02-16T13:16:52","guid":{"rendered":"https:\/\/bozkurtyonetim.com\/?page_id=568"},"modified":"2024-12-24T12:14:36","modified_gmt":"2024-12-24T09:14:36","slug":"referanslar","status":"publish","type":"page","link":"https:\/\/bozkurtyonetim.com\/?page_id=568","title":{"rendered":"Referanslar"},"content":{"rendered":"\n<h2 class=\"wp-block-heading has-text-align-center\" style=\"text-transform:uppercase\"><strong>BUS\u0130NESS \u0130STANBUL \u0130\u015e MERKEZ\u0130<\/strong><\/h2>\n\n\n\n<hr class=\"wp-block-separator has-alpha-channel-opacity is-style-dots\"\/>\n\n\n\n<h2 class=\"wp-block-heading has-text-align-center\" style=\"text-transform:uppercase\"><strong>KORU FLORYA YA\u015eAM MERKEZ\u0130<\/strong><\/h2>\n\n\n\n<hr class=\"wp-block-separator has-alpha-channel-opacity is-style-dots\"\/>\n\n\n\n<h2 class=\"wp-block-heading has-text-align-center\" style=\"text-transform:uppercase\"><strong>Lila Ka\u011f\u0131t Genel M\u00fcd\u00fcrl\u00fck<\/strong><\/h2>\n\n\n\n<hr class=\"wp-block-separator has-alpha-channel-opacity is-style-dots\"\/>\n\n\n\n<h2 class=\"wp-block-heading has-text-align-center\" style=\"text-transform:uppercase\"><strong>Asus T\u00fcrk\u0130ye Genel Merkez\u0130<\/strong><\/h2>\n\n\n\n<hr class=\"wp-block-separator has-alpha-channel-opacity is-style-dots\"\/>\n\n\n\n<h2 class=\"wp-block-heading has-text-align-center\" style=\"text-transform:uppercase\"><strong>A PLUS HASTANES\u0130<\/strong><\/h2>\n\n\n\n<hr class=\"wp-block-separator has-alpha-channel-opacity is-style-dots\"\/>\n\n\n\n<h2 class=\"wp-block-heading has-text-align-center\" style=\"text-transform:uppercase\">Tekn\u0130k Yap\u0131 Concord<\/h2>\n\n\n\n<hr class=\"wp-block-separator has-alpha-channel-opacity is-style-dots\"\/>\n\n\n\n<p><\/p>\n","protected":false},"excerpt":{"rendered":"<p>BUS\u0130NESS \u0130STANBUL \u0130\u015e MERKEZ\u0130 KORU FLORYA YA\u015eAM MERKEZ\u0130 Lila Ka\u011f\u0131t Genel M\u00fcd\u00fcrl\u00fck Asus T\u00fcrk\u0130ye Genel Merkez\u0130 A PLUS HASTANES\u0130 Tekn\u0130k Yap\u0131 Concord<\/p>\n","protected":false},"author":1,"featured_media":0,"parent":0,"menu_order":0,"comment_status":"closed","ping_status":"closed","template":"template-fullwidth.php","meta":{"footnotes":""},"class_list":["post-568","page","type-page","status-publish","hentry"],"yoast_head":"<!-- This site is optimized with the Yoast SEO plugin v26.0 - https:\/\/yoast.com\/wordpress\/plugins\/seo\/ -->\n<title>Referanslar - Bozkurt Teknik Dan\u0131\u015fmanl\u0131k<\/title>\n<meta name=\"robots\" content=\"index, follow, max-snippet:-1, max-image-preview:large, max-video-preview:-1\" \/>\n<link rel=\"canonical\" href=\"https:\/\/bozkurtyonetim.com\/?page_id=568\" \/>\n<meta property=\"og:locale\" content=\"tr_TR\" \/>\n<meta property=\"og:type\" content=\"article\" \/>\n<meta property=\"og:title\" content=\"Referanslar - Bozkurt Teknik Dan\u0131\u015fmanl\u0131k\" \/>\n<meta property=\"og:description\" content=\"BUS\u0130NESS \u0130STANBUL \u0130\u015e MERKEZ\u0130 KORU FLORYA YA\u015eAM MERKEZ\u0130 Lila Ka\u011f\u0131t Genel M\u00fcd\u00fcrl\u00fck Asus T\u00fcrk\u0130ye Genel Merkez\u0130 A PLUS HASTANES\u0130 Tekn\u0130k Yap\u0131 Concord\" \/>\n<meta property=\"og:url\" content=\"https:\/\/bozkurtyonetim.com\/?page_id=568\" \/>\n<meta property=\"og:site_name\" content=\"Bozkurt Teknik Dan\u0131\u015fmanl\u0131k\" \/>\n<meta property=\"article:modified_time\" content=\"2024-12-24T09:14:36+00:00\" \/>\n<meta name=\"twitter:card\" content=\"summary_large_image\" \/>\n<meta name=\"twitter:label1\" content=\"Tahmini okuma s\u00fcresi\" \/>\n\t<meta name=\"twitter:data1\" content=\"1 dakika\" \/>\n<script type=\"application\/ld+json\" class=\"yoast-schema-graph\">{\"@context\":\"https:\/\/schema.org\",\"@graph\":[{\"@type\":\"WebPage\",\"@id\":\"https:\/\/bozkurtyonetim.com\/?page_id=568\",\"url\":\"https:\/\/bozkurtyonetim.com\/?page_id=568\",\"name\":\"Referanslar - Bozkurt Teknik Dan\u0131\u015fmanl\u0131k\",\"isPartOf\":{\"@id\":\"https:\/\/bozkurtyonetim.com\/#website\"},\"datePublished\":\"2023-02-16T13:16:52+00:00\",\"dateModified\":\"2024-12-24T09:14:36+00:00\",\"inLanguage\":\"tr\",\"potentialAction\":[{\"@type\":\"ReadAction\",\"target\":[\"https:\/\/bozkurtyonetim.com\/?page_id=568\"]}]},{\"@type\":\"WebSite\",\"@id\":\"https:\/\/bozkurtyonetim.com\/#website\",\"url\":\"https:\/\/bozkurtyonetim.com\/\",\"name\":\"Bozkurt Teknik Dan\u0131\u015fmanl\u0131k\",\"description\":\"\",\"publisher\":{\"@id\":\"https:\/\/bozkurtyonetim.com\/#organization\"},\"potentialAction\":[{\"@type\":\"SearchAction\",\"target\":{\"@type\":\"EntryPoint\",\"urlTemplate\":\"https:\/\/bozkurtyonetim.com\/?s={search_term_string}\"},\"query-input\":{\"@type\":\"PropertyValueSpecification\",\"valueRequired\":true,\"valueName\":\"search_term_string\"}}],\"inLanguage\":\"tr\"},{\"@type\":\"Organization\",\"@id\":\"https:\/\/bozkurtyonetim.com\/#organization\",\"name\":\"Bozkurt Teknik Dan\u0131\u015fmanl\u0131k\",\"url\":\"https:\/\/bozkurtyonetim.com\/\",\"logo\":{\"@type\":\"ImageObject\",\"inLanguage\":\"tr\",\"@id\":\"https:\/\/bozkurtyonetim.com\/#\/schema\/logo\/image\/\",\"url\":\"https:\/\/bozkurtyonetim.com\/wp-content\/uploads\/2023\/02\/SiteLogo-e1676362797373.jpeg\",\"contentUrl\":\"https:\/\/bozkurtyonetim.com\/wp-content\/uploads\/2023\/02\/SiteLogo-e1676362797373.jpeg\",\"width\":400,\"height\":330,\"caption\":\"Bozkurt Teknik Dan\u0131\u015fmanl\u0131k\"},\"image\":{\"@id\":\"https:\/\/bozkurtyonetim.com\/#\/schema\/logo\/image\/\"}}]}<\/script>\n<!-- \/ Yoast SEO plugin. -->","yoast_head_json":{"title":"Referanslar - Bozkurt Teknik Dan\u0131\u015fmanl\u0131k","robots":{"index":"index","follow":"follow","max-snippet":"max-snippet:-1","max-image-preview":"max-image-preview:large","max-video-preview":"max-video-preview:-1"},"canonical":"https:\/\/bozkurtyonetim.com\/?page_id=568","og_locale":"tr_TR","og_type":"article","og_title":"Referanslar - Bozkurt Teknik Dan\u0131\u015fmanl\u0131k","og_description":"BUS\u0130NESS \u0130STANBUL \u0130\u015e MERKEZ\u0130 KORU FLORYA YA\u015eAM MERKEZ\u0130 Lila Ka\u011f\u0131t Genel M\u00fcd\u00fcrl\u00fck Asus T\u00fcrk\u0130ye Genel Merkez\u0130 A PLUS HASTANES\u0130 Tekn\u0130k Yap\u0131 Concord","og_url":"https:\/\/bozkurtyonetim.com\/?page_id=568","og_site_name":"Bozkurt Teknik Dan\u0131\u015fmanl\u0131k","article_modified_time":"2024-12-24T09:14:36+00:00","twitter_card":"summary_large_image","twitter_misc":{"Tahmini okuma s\u00fcresi":"1 dakika"},"schema":{"@context":"https:\/\/schema.org","@graph":[{"@type":"WebPage","@id":"https:\/\/bozkurtyonetim.com\/?page_id=568","url":"https:\/\/bozkurtyonetim.com\/?page_id=568","name":"Referanslar - Bozkurt Teknik Dan\u0131\u015fmanl\u0131k","isPartOf":{"@id":"https:\/\/bozkurtyonetim.com\/#website"},"datePublished":"2023-02-16T13:16:52+00:00","dateModified":"2024-12-24T09:14:36+00:00","inLanguage":"tr","potentialAction":[{"@type":"ReadAction","target":["https:\/\/bozkurtyonetim.com\/?page_id=568"]}]},{"@type":"WebSite","@id":"https:\/\/bozkurtyonetim.com\/#website","url":"https:\/\/bozkurtyonetim.com\/","name":"Bozkurt Teknik Dan\u0131\u015fmanl\u0131k","description":"","publisher":{"@id":"https:\/\/bozkurtyonetim.com\/#organization"},"potentialAction":[{"@type":"SearchAction","target":{"@type":"EntryPoint","urlTemplate":"https:\/\/bozkurtyonetim.com\/?s={search_term_string}"},"query-input":{"@type":"PropertyValueSpecification","valueRequired":true,"valueName":"search_term_string"}}],"inLanguage":"tr"},{"@type":"Organization","@id":"https:\/\/bozkurtyonetim.com\/#organization","name":"Bozkurt Teknik Dan\u0131\u015fmanl\u0131k","url":"https:\/\/bozkurtyonetim.com\/","logo":{"@type":"ImageObject","inLanguage":"tr","@id":"https:\/\/bozkurtyonetim.com\/#\/schema\/logo\/image\/","url":"https:\/\/bozkurtyonetim.com\/wp-content\/uploads\/2023\/02\/SiteLogo-e1676362797373.jpeg","contentUrl":"https:\/\/bozkurtyonetim.com\/wp-content\/uploads\/2023\/02\/SiteLogo-e1676362797373.jpeg","width":400,"height":330,"caption":"Bozkurt Teknik Dan\u0131\u015fmanl\u0131k"},"image":{"@id":"https:\/\/bozkurtyonetim.com\/#\/schema\/logo\/image\/"}}]}},"_links":{"self":[{"href":"https:\/\/bozkurtyonetim.com\/index.php?rest_route=\/wp\/v2\/pages\/568","targetHints":{"allow":["GET"]}}],"collection":[{"href":"https:\/\/bozkurtyonetim.com\/index.php?rest_route=\/wp\/v2\/pages"}],"about":[{"href":"https:\/\/bozkurtyonetim.com\/index.php?rest_route=\/wp\/v2\/types\/page"}],"author":[{"embeddable":true,"href":"https:\/\/bozkurtyonetim.com\/index.php?rest_route=\/wp\/v2\/users\/1"}],"replies":[{"embeddable":true,"href":"https:\/\/bozkurtyonetim.com\/index.php?rest_route=%2Fwp%2Fv2%2Fcomments&post=568"}],"version-history":[{"count":1,"href":"https:\/\/bozkurtyonetim.com\/index.php?rest_route=\/wp\/v2\/pages\/568\/revisions"}],"predecessor-version":[{"id":734,"href":"https:\/\/bozkurtyonetim.com\/index.php?rest_route=\/wp\/v2\/pages\/568\/revisions\/734"}],"wp:attachment":[{"href":"https:\/\/bozkurtyonetim.com\/index.php?rest_route=%2Fwp%2Fv2%2Fmedia&parent=568"}],"curies":[{"name":"wp","href":"https:\/\/api.w.org\/{rel}","templated":true}]}}