{"id":586,"date":"2023-02-17T21:09:31","date_gmt":"2023-02-17T18:09:31","guid":{"rendered":"https:\/\/bozkurtyonetim.com\/?page_id=586"},"modified":"2024-12-24T14:40:29","modified_gmt":"2024-12-24T11:40:29","slug":"hizmetlerimiz","status":"publish","type":"page","link":"https:\/\/bozkurtyonetim.com\/?page_id=586","title":{"rendered":"Hizmetlerimiz"},"content":{"rendered":"\n<div class=\"wp-block-group\"><div class=\"wp-block-group__inner-container is-layout-constrained wp-block-group-is-layout-constrained\">\n<h2 class=\"wp-block-heading has-x-large-font-size\" id=\"periyodik_bakim\" style=\"font-style:normal;font-weight:700;text-decoration:underline\"><strong><strong>Bina \/ Tesis Teknik Periyodik bak\u0131m\u00a0 Hizmetleri<\/strong><\/strong><\/h2>\n\n\n\n<p>Bina \/ Tesis Teknik Periyodik Bak\u0131m Hizmetlerimiz kapsam\u0131nda sundu\u011fumuz baz\u0131 hizmetlerimiz a\u015fa\u011f\u0131da belirtilmi\u015ftir.<\/p>\n\n\n\n<ul class=\"wp-block-list\">\n<li>Yang\u0131n Tesisat Sistemleri Periyodik bak\u0131m Hizmetleri<\/li>\n\n\n\n<li>Yang\u0131n Alg\u0131lama Sistemleri Periyodik bak\u0131m Hizmetleri<\/li>\n\n\n\n<li>CCTV g\u00fcvenlik Sistemleri Periyodik bak\u0131m Hizmetleri<\/li>\n\n\n\n<li>Elektrik Da\u011f\u0131t\u0131m Sistemleri Periyodik bak\u0131m Hizmetleri<\/li>\n\n\n\n<li>Enerji \u0130zleme Sistemleri Periyodik bak\u0131m Hizmetleri<\/li>\n\n\n\n<li>Jenerat\u00f6r Sistemleri Periyodik bak\u0131m Hizmetleri<\/li>\n\n\n\n<li>UPS sistemleri Periyodik bak\u0131m Hizmetleri<\/li>\n\n\n\n<li>Otomasyon Sistemleri Periyodik bak\u0131m Hizmetleri<\/li>\n\n\n\n<li>Mekanik \/ HVAC Periyodik bak\u0131m Hizmetleri<\/li>\n<\/ul>\n\n\n\n<hr class=\"wp-block-separator has-text-color has-vivid-red-color has-alpha-channel-opacity has-vivid-red-background-color has-background is-style-dots\"\/>\n\n\n\n<hr class=\"wp-block-separator has-alpha-channel-opacity is-style-wide\"\/>\n\n\n\n<hr class=\"wp-block-separator has-text-color has-vivid-red-color has-alpha-channel-opacity has-vivid-red-background-color has-background is-style-dots\"\/>\n\n\n\n<h2 class=\"wp-block-heading has-text-align-right has-x-large-font-size\" id=\"isletme_danismanlik\" style=\"font-style:normal;font-weight:700;text-decoration:underline\"><strong><strong>Bina ve Tesis \u00a0Teknik \u0130\u015fletme Dan\u0131\u015fmanl\u0131\u011f\u0131<\/strong><\/strong><\/h2>\n<\/div><\/div>\n\n\n\n<div class=\"wp-block-group\"><div class=\"wp-block-group__inner-container is-layout-constrained wp-block-group-is-layout-constrained\">\n<p class=\"has-text-align-right\"><\/p>\n\n\n\n<ul class=\"wp-block-list\">\n<li class=\"color: white\">D\u0131\u015far\u0131dan hizmet alan bina ve tesislerde ba\u011f\u0131ms\u0131z teknik denetim ve raporlama<\/li>\n\n\n\n<li>Bina ve tesislerde teknik \u00a0i\u015fletme planlar\u0131n\u0131n haz\u0131rlanmas\u0131<\/li>\n\n\n\n<li>Teknik \u00a0Hizmet faaliyetleri ile ilgili raporlama sisteminin kurulmas\u0131<\/li>\n\n\n\n<li>Teknik \u00a0Start-up ve hand over y\u00f6netimi<\/li>\n\n\n\n<li>Teknik \u00a0\u0130\u015fletme b\u00fct\u00e7elerinin olu\u015fturulmas\u0131 ve takibi<\/li>\n\n\n\n<li>Teknik Hizmetlere ili\u015fkin t\u00fcm kalite dok\u00fcman i\u00e7eri\u011finin olu\u015fturulmas\u0131<\/li>\n\n\n\n<li>Teknik \u0130\u015fletme ve enerji giderlerinde maliyet tasarrufu \u00f6nerileri ve uygulanmas\u0131<\/li>\n\n\n\n<li>Ta\u015feron hizmet al\u0131mlar\u0131 i\u00e7in \u015fartname ve s\u00f6zle\u015fme haz\u0131rlanmas\u0131<\/li>\n\n\n\n<li>Teknik \u00a0S\u00f6zle\u015fme y\u00f6netimi<\/li>\n<\/ul>\n\n\n\n<h1 style=\"text-align: center;\"><span style=\"color: #ffffff;\"><strong>B\u0130Z VARSAK, HUZUR VAR.<\/strong><\/span><\/h1>\n<\/div><\/div>\n\n\n\n<hr class=\"wp-block-separator has-text-color has-vivid-red-color has-alpha-channel-opacity has-vivid-red-background-color has-background is-style-dots\"\/>\n\n\n\n<hr class=\"wp-block-separator has-alpha-channel-opacity is-style-wide\"\/>\n\n\n\n<hr class=\"wp-block-separator has-text-color has-vivid-red-color has-alpha-channel-opacity has-vivid-red-background-color has-background is-style-dots\"\/>\n\n\n\n<div class=\"wp-block-group\"><div class=\"wp-block-group__inner-container is-layout-constrained wp-block-group-is-layout-constrained\">\n<h2 class=\"wp-block-heading has-x-large-font-size\" id=\"teknik_muayene\" style=\"font-style:normal;font-weight:700\"><strong><strong><u>Teknik Muayene Hizmetleri<\/u><\/strong><\/strong><\/h2>\n\n\n\n<ul class=\"wp-block-list\">\n<li>Elektrik pano kontrolleri<\/li>\n\n\n\n<li>Termal Kamera Tarama<\/li>\n\n\n\n<li>Topraklama \u00d6l\u00e7\u00fcmleri<\/li>\n\n\n\n<li>Ka\u00e7ak Ak\u0131m Testleri\u00a0\u00a0\u00a0\u00a0\u00a0\u00a0\u00a0\u00a0\u00a0\u00a0\u00a0\u00a0\u00a0\u00a0\u00a0\u00a0\u00a0\u00a0\u00a0\u00a0\u00a0\u00a0\u00a0\u00a0\u00a0\u00a0\u00a0\u00a0\u00a0\u00a0\u00a0<\/li>\n<\/ul>\n<\/div><\/div>\n\n\n\n<hr class=\"wp-block-separator has-text-color has-vivid-red-color has-alpha-channel-opacity has-vivid-red-background-color has-background is-style-dots\"\/>\n\n\n\n<hr class=\"wp-block-separator has-alpha-channel-opacity is-style-wide\"\/>\n\n\n\n<hr class=\"wp-block-separator has-text-color has-vivid-red-color has-alpha-channel-opacity has-vivid-red-background-color has-background is-style-dots\"\/>\n\n\n\n<div class=\"wp-block-group\"><div class=\"wp-block-group__inner-container is-layout-constrained wp-block-group-is-layout-constrained\">\n<h1 class=\"wp-block-heading has-text-align-right has-x-large-font-size\" id=\"teknik_servis\" style=\"font-style:normal;font-weight:700\"><strong><strong><u>Teknik Servis Ve Bak\u0131m Hizmetleri<\/u><\/strong><\/strong><\/h1>\n\n\n<div class=\"wp-block-image is-style-default\">\n<figure class=\"alignright size-full is-resized\"><img loading=\"lazy\" decoding=\"async\" width=\"612\" height=\"408\" src=\"https:\/\/bozkurtyonetim.com\/wp-content\/uploads\/2023\/02\/mechanic.jpg\" alt=\"\" class=\"wp-image-641\" style=\"width:450px;height:260px\" srcset=\"https:\/\/bozkurtyonetim.com\/wp-content\/uploads\/2023\/02\/mechanic.jpg 612w, https:\/\/bozkurtyonetim.com\/wp-content\/uploads\/2023\/02\/mechanic-300x200.jpg 300w\" sizes=\"auto, (max-width: 612px) 100vw, 612px\" \/><\/figure>\n<\/div>\n\n\n<ul class=\"wp-block-list\">\n<li>HVAC servis ve Bak\u0131m Hizmeti<\/li>\n\n\n\n<li>Pompa ve Hidrafor \u00a0grubu\u00a0 servis ve bak\u0131m hizmeti<\/li>\n\n\n\n<li>Elektrik pano servis ve bak\u0131m hizmeti<\/li>\n<\/ul>\n\n\n\n<h1 style=\"text-align: center;\"><span style=\"color: #ffffff;\"><strong>B\u0130Z VARSAK, SORUN YOK.<\/strong><\/span><\/h1>\n<\/div><\/div>\n\n\n\n<hr class=\"wp-block-separator has-text-color has-vivid-red-color has-alpha-channel-opacity has-vivid-red-background-color has-background is-style-dots\"\/>\n\n\n\n<hr class=\"wp-block-separator has-alpha-channel-opacity is-style-wide\"\/>\n\n\n\n<hr class=\"wp-block-separator has-text-color has-vivid-red-color has-alpha-channel-opacity has-vivid-red-background-color has-background is-style-dots\"\/>\n\n\n\n<div class=\"wp-block-group\"><div class=\"wp-block-group__inner-container is-layout-constrained wp-block-group-is-layout-constrained\">\n<h1 class=\"wp-block-heading has-x-large-font-size\" id=\"tamirat_tadilat\" style=\"font-style:normal;font-weight:700\"><strong><strong><u>Tamirat ve T<\/u>adilat Hizmetleri<\/strong><\/strong><\/h1>\n\n\n\n<ul class=\"wp-block-list\">\n<li>Al\u00e7\u0131 ,al\u00e7\u0131pan,boya hizmeti<\/li>\n\n\n\n<li>Islak hacim yer ve duvar d\u00f6\u015feme hizmeti<\/li>\n\n\n\n<li>Duvar k\u00e2\u011f\u0131d\u0131 ve zemin d\u00f6\u015feme hizmeti<\/li>\n<\/ul>\n<\/div><\/div>\n\n\n\n<hr class=\"wp-block-separator has-text-color has-vivid-red-color has-alpha-channel-opacity has-vivid-red-background-color has-background is-style-dots\"\/>\n\n\n\n<hr class=\"wp-block-separator has-alpha-channel-opacity is-style-wide\"\/>\n\n\n\n<hr class=\"wp-block-separator has-text-color has-vivid-red-color has-alpha-channel-opacity has-vivid-red-background-color has-background is-style-dots\"\/>\n\n\n\n<p><\/p>\n","protected":false},"excerpt":{"rendered":"<p>Bina \/ Tesis Teknik Periyodik bak\u0131m\u00a0 Hizmetleri Bina \/ Tesis Teknik Periyodik Bak\u0131m Hizmetlerimiz kapsam\u0131nda sundu\u011fumuz baz\u0131 hizmetlerimiz a\u015fa\u011f\u0131da belirtilmi\u015ftir. Bina ve Tesis \u00a0Teknik \u0130\u015fletme Dan\u0131\u015fmanl\u0131\u011f\u0131 B\u0130Z VARSAK, HUZUR VAR. Teknik Muayene Hizmetleri Teknik Servis Ve Bak\u0131m Hizmetleri B\u0130Z VARSAK, SORUN YOK. Tamirat ve Tadilat Hizmetleri<\/p>\n","protected":false},"author":1,"featured_media":0,"parent":0,"menu_order":0,"comment_status":"closed","ping_status":"closed","template":"template-fullwidth.php","meta":{"footnotes":""},"class_list":["post-586","page","type-page","status-publish","hentry"],"yoast_head":"<!-- This site is optimized with the Yoast SEO plugin v26.0 - https:\/\/yoast.com\/wordpress\/plugins\/seo\/ -->\n<title>Hizmetlerimiz - Bozkurt Teknik Dan\u0131\u015fmanl\u0131k<\/title>\n<meta name=\"robots\" content=\"index, follow, max-snippet:-1, max-image-preview:large, max-video-preview:-1\" \/>\n<link rel=\"canonical\" href=\"https:\/\/bozkurtyonetim.com\/?page_id=586\" \/>\n<meta property=\"og:locale\" content=\"tr_TR\" \/>\n<meta property=\"og:type\" content=\"article\" \/>\n<meta property=\"og:title\" content=\"Hizmetlerimiz - Bozkurt Teknik Dan\u0131\u015fmanl\u0131k\" \/>\n<meta property=\"og:description\" content=\"Bina \/ Tesis Teknik Periyodik bak\u0131m\u00a0 Hizmetleri Bina \/ Tesis Teknik Periyodik Bak\u0131m Hizmetlerimiz kapsam\u0131nda sundu\u011fumuz baz\u0131 hizmetlerimiz a\u015fa\u011f\u0131da belirtilmi\u015ftir. Bina ve Tesis \u00a0Teknik \u0130\u015fletme Dan\u0131\u015fmanl\u0131\u011f\u0131 B\u0130Z VARSAK, HUZUR VAR. Teknik Muayene Hizmetleri Teknik Servis Ve Bak\u0131m Hizmetleri B\u0130Z VARSAK, SORUN YOK. Tamirat ve Tadilat Hizmetleri\" \/>\n<meta property=\"og:url\" content=\"https:\/\/bozkurtyonetim.com\/?page_id=586\" \/>\n<meta property=\"og:site_name\" content=\"Bozkurt Teknik Dan\u0131\u015fmanl\u0131k\" \/>\n<meta property=\"article:modified_time\" content=\"2024-12-24T11:40:29+00:00\" \/>\n<meta property=\"og:image\" content=\"https:\/\/bozkurtyonetim.com\/wp-content\/uploads\/2023\/02\/mechanic.jpg\" \/>\n\t<meta property=\"og:image:width\" content=\"612\" \/>\n\t<meta property=\"og:image:height\" content=\"408\" \/>\n\t<meta property=\"og:image:type\" content=\"image\/jpeg\" \/>\n<meta name=\"twitter:card\" content=\"summary_large_image\" \/>\n<meta name=\"twitter:label1\" content=\"Tahmini okuma s\u00fcresi\" \/>\n\t<meta name=\"twitter:data1\" content=\"2 dakika\" \/>\n<script type=\"application\/ld+json\" class=\"yoast-schema-graph\">{\"@context\":\"https:\/\/schema.org\",\"@graph\":[{\"@type\":\"WebPage\",\"@id\":\"https:\/\/bozkurtyonetim.com\/?page_id=586\",\"url\":\"https:\/\/bozkurtyonetim.com\/?page_id=586\",\"name\":\"Hizmetlerimiz - Bozkurt Teknik Dan\u0131\u015fmanl\u0131k\",\"isPartOf\":{\"@id\":\"https:\/\/bozkurtyonetim.com\/#website\"},\"primaryImageOfPage\":{\"@id\":\"https:\/\/bozkurtyonetim.com\/?page_id=586#primaryimage\"},\"image\":{\"@id\":\"https:\/\/bozkurtyonetim.com\/?page_id=586#primaryimage\"},\"thumbnailUrl\":\"https:\/\/bozkurtyonetim.com\/wp-content\/uploads\/2023\/02\/mechanic.jpg\",\"datePublished\":\"2023-02-17T18:09:31+00:00\",\"dateModified\":\"2024-12-24T11:40:29+00:00\",\"inLanguage\":\"tr\",\"potentialAction\":[{\"@type\":\"ReadAction\",\"target\":[\"https:\/\/bozkurtyonetim.com\/?page_id=586\"]}]},{\"@type\":\"ImageObject\",\"inLanguage\":\"tr\",\"@id\":\"https:\/\/bozkurtyonetim.com\/?page_id=586#primaryimage\",\"url\":\"https:\/\/bozkurtyonetim.com\/wp-content\/uploads\/2023\/02\/mechanic.jpg\",\"contentUrl\":\"https:\/\/bozkurtyonetim.com\/wp-content\/uploads\/2023\/02\/mechanic.jpg\",\"width\":612,\"height\":408,\"caption\":\"air conditioning systems on the roof of modern building. adobe rgb 1998 use...........\"},{\"@type\":\"WebSite\",\"@id\":\"https:\/\/bozkurtyonetim.com\/#website\",\"url\":\"https:\/\/bozkurtyonetim.com\/\",\"name\":\"Bozkurt Teknik Dan\u0131\u015fmanl\u0131k\",\"description\":\"\",\"publisher\":{\"@id\":\"https:\/\/bozkurtyonetim.com\/#organization\"},\"potentialAction\":[{\"@type\":\"SearchAction\",\"target\":{\"@type\":\"EntryPoint\",\"urlTemplate\":\"https:\/\/bozkurtyonetim.com\/?s={search_term_string}\"},\"query-input\":{\"@type\":\"PropertyValueSpecification\",\"valueRequired\":true,\"valueName\":\"search_term_string\"}}],\"inLanguage\":\"tr\"},{\"@type\":\"Organization\",\"@id\":\"https:\/\/bozkurtyonetim.com\/#organization\",\"name\":\"Bozkurt Teknik Dan\u0131\u015fmanl\u0131k\",\"url\":\"https:\/\/bozkurtyonetim.com\/\",\"logo\":{\"@type\":\"ImageObject\",\"inLanguage\":\"tr\",\"@id\":\"https:\/\/bozkurtyonetim.com\/#\/schema\/logo\/image\/\",\"url\":\"https:\/\/bozkurtyonetim.com\/wp-content\/uploads\/2023\/02\/SiteLogo-e1676362797373.jpeg\",\"contentUrl\":\"https:\/\/bozkurtyonetim.com\/wp-content\/uploads\/2023\/02\/SiteLogo-e1676362797373.jpeg\",\"width\":400,\"height\":330,\"caption\":\"Bozkurt Teknik Dan\u0131\u015fmanl\u0131k\"},\"image\":{\"@id\":\"https:\/\/bozkurtyonetim.com\/#\/schema\/logo\/image\/\"}}]}<\/script>\n<!-- \/ Yoast SEO plugin. -->","yoast_head_json":{"title":"Hizmetlerimiz - Bozkurt Teknik Dan\u0131\u015fmanl\u0131k","robots":{"index":"index","follow":"follow","max-snippet":"max-snippet:-1","max-image-preview":"max-image-preview:large","max-video-preview":"max-video-preview:-1"},"canonical":"https:\/\/bozkurtyonetim.com\/?page_id=586","og_locale":"tr_TR","og_type":"article","og_title":"Hizmetlerimiz - Bozkurt Teknik Dan\u0131\u015fmanl\u0131k","og_description":"Bina \/ Tesis Teknik Periyodik bak\u0131m\u00a0 Hizmetleri Bina \/ Tesis Teknik Periyodik Bak\u0131m Hizmetlerimiz kapsam\u0131nda sundu\u011fumuz baz\u0131 hizmetlerimiz a\u015fa\u011f\u0131da belirtilmi\u015ftir. Bina ve Tesis \u00a0Teknik \u0130\u015fletme Dan\u0131\u015fmanl\u0131\u011f\u0131 B\u0130Z VARSAK, HUZUR VAR. Teknik Muayene Hizmetleri Teknik Servis Ve Bak\u0131m Hizmetleri B\u0130Z VARSAK, SORUN YOK. Tamirat ve Tadilat Hizmetleri","og_url":"https:\/\/bozkurtyonetim.com\/?page_id=586","og_site_name":"Bozkurt Teknik Dan\u0131\u015fmanl\u0131k","article_modified_time":"2024-12-24T11:40:29+00:00","og_image":[{"width":612,"height":408,"url":"https:\/\/bozkurtyonetim.com\/wp-content\/uploads\/2023\/02\/mechanic.jpg","type":"image\/jpeg"}],"twitter_card":"summary_large_image","twitter_misc":{"Tahmini okuma s\u00fcresi":"2 dakika"},"schema":{"@context":"https:\/\/schema.org","@graph":[{"@type":"WebPage","@id":"https:\/\/bozkurtyonetim.com\/?page_id=586","url":"https:\/\/bozkurtyonetim.com\/?page_id=586","name":"Hizmetlerimiz - Bozkurt Teknik Dan\u0131\u015fmanl\u0131k","isPartOf":{"@id":"https:\/\/bozkurtyonetim.com\/#website"},"primaryImageOfPage":{"@id":"https:\/\/bozkurtyonetim.com\/?page_id=586#primaryimage"},"image":{"@id":"https:\/\/bozkurtyonetim.com\/?page_id=586#primaryimage"},"thumbnailUrl":"https:\/\/bozkurtyonetim.com\/wp-content\/uploads\/2023\/02\/mechanic.jpg","datePublished":"2023-02-17T18:09:31+00:00","dateModified":"2024-12-24T11:40:29+00:00","inLanguage":"tr","potentialAction":[{"@type":"ReadAction","target":["https:\/\/bozkurtyonetim.com\/?page_id=586"]}]},{"@type":"ImageObject","inLanguage":"tr","@id":"https:\/\/bozkurtyonetim.com\/?page_id=586#primaryimage","url":"https:\/\/bozkurtyonetim.com\/wp-content\/uploads\/2023\/02\/mechanic.jpg","contentUrl":"https:\/\/bozkurtyonetim.com\/wp-content\/uploads\/2023\/02\/mechanic.jpg","width":612,"height":408,"caption":"air conditioning systems on the roof of modern building. adobe rgb 1998 use..........."},{"@type":"WebSite","@id":"https:\/\/bozkurtyonetim.com\/#website","url":"https:\/\/bozkurtyonetim.com\/","name":"Bozkurt Teknik Dan\u0131\u015fmanl\u0131k","description":"","publisher":{"@id":"https:\/\/bozkurtyonetim.com\/#organization"},"potentialAction":[{"@type":"SearchAction","target":{"@type":"EntryPoint","urlTemplate":"https:\/\/bozkurtyonetim.com\/?s={search_term_string}"},"query-input":{"@type":"PropertyValueSpecification","valueRequired":true,"valueName":"search_term_string"}}],"inLanguage":"tr"},{"@type":"Organization","@id":"https:\/\/bozkurtyonetim.com\/#organization","name":"Bozkurt Teknik Dan\u0131\u015fmanl\u0131k","url":"https:\/\/bozkurtyonetim.com\/","logo":{"@type":"ImageObject","inLanguage":"tr","@id":"https:\/\/bozkurtyonetim.com\/#\/schema\/logo\/image\/","url":"https:\/\/bozkurtyonetim.com\/wp-content\/uploads\/2023\/02\/SiteLogo-e1676362797373.jpeg","contentUrl":"https:\/\/bozkurtyonetim.com\/wp-content\/uploads\/2023\/02\/SiteLogo-e1676362797373.jpeg","width":400,"height":330,"caption":"Bozkurt Teknik Dan\u0131\u015fmanl\u0131k"},"image":{"@id":"https:\/\/bozkurtyonetim.com\/#\/schema\/logo\/image\/"}}]}},"_links":{"self":[{"href":"https:\/\/bozkurtyonetim.com\/index.php?rest_route=\/wp\/v2\/pages\/586","targetHints":{"allow":["GET"]}}],"collection":[{"href":"https:\/\/bozkurtyonetim.com\/index.php?rest_route=\/wp\/v2\/pages"}],"about":[{"href":"https:\/\/bozkurtyonetim.com\/index.php?rest_route=\/wp\/v2\/types\/page"}],"author":[{"embeddable":true,"href":"https:\/\/bozkurtyonetim.com\/index.php?rest_route=\/wp\/v2\/users\/1"}],"replies":[{"embeddable":true,"href":"https:\/\/bozkurtyonetim.com\/index.php?rest_route=%2Fwp%2Fv2%2Fcomments&post=586"}],"version-history":[{"count":25,"href":"https:\/\/bozkurtyonetim.com\/index.php?rest_route=\/wp\/v2\/pages\/586\/revisions"}],"predecessor-version":[{"id":749,"href":"https:\/\/bozkurtyonetim.com\/index.php?rest_route=\/wp\/v2\/pages\/586\/revisions\/749"}],"wp:attachment":[{"href":"https:\/\/bozkurtyonetim.com\/index.php?rest_route=%2Fwp%2Fv2%2Fmedia&parent=586"}],"curies":[{"name":"wp","href":"https:\/\/api.w.org\/{rel}","templated":true}]}}